{"id":27,"date":"2020-01-02T18:15:31","date_gmt":"2020-01-02T17:15:31","guid":{"rendered":"http:\/\/archiz.info\/?page_id=27"},"modified":"2025-08-18T20:16:16","modified_gmt":"2025-08-18T19:16:16","slug":"literatur","status":"publish","type":"page","link":"https:\/\/archiz.info\/?page_id=27","title":{"rendered":"Literatur"},"content":{"rendered":"\n<p class=\"has-medium-font-size\"><strong>Bibliographie zur Arch\u00e4ologie von Zg\u00ebrdhesh<\/strong><\/p>\n\n\n\n<p><\/p>\n\n\n\n<p class=\"has-small-font-size\"><strong>Beitr\u00e4ge aus dem laufenden Projekt:<\/strong><\/p>\n\n\n\n<p class=\"has-small-font-size\">Th. Maurer\/E. Metalla, Neue arch\u00e4ologische Forschungen in Zg\u00ebrdhesh und das Problem der Lokalisierung von <em>Albanopolis<\/em>. In: B. Demiraj (Hrsg.), The Albanian Language Area and its Surroundings from Late Antiquity to the High Middle Ages. Proceedings of the 7<sup>th<\/sup> German-Albanian Cultural Studies Conference (21.-22. April 2023, Hubmersberg\/Pommelsbrunn). Albanische Forschungen 50 (Wiesbaden 2024) 41-72.<\/p>\n\n\n\n<p class=\"has-small-font-size\">Th. Maurer\/E. Metalla, Buz\u00eb malesh \u2013 K\u00ebrkime t\u00eb reja arkeologjike n\u00eb Zg\u00ebrdhesh. On the edge of the mountains \u2013 new archaeological research in Zg\u00ebrdhesh. Iliria 44, 2020 (2021), 339-363.<\/p>\n\n\n\n<p class=\"has-small-font-size\">Th. Maurer\/E. Metalla, K\u00ebrkime t\u00eb reja arkeologjike n\u00eb Zg\u00ebrdhesh 2017. Candavia 7, 2018, 331-340.<\/p>\n\n\n\n<p class=\"has-small-font-size\">E. Metalla\/Th. Maurer\/U. Tota, K\u00ebrkime arkeologjike n\u00eb Zg\u00ebrdhesh, vitet 2018-2019. Candavia 8, 2020, 209-227.<\/p>\n\n\n\n<p class=\"has-small-font-size\">E. Metalla\/Th. Maurer, K\u00ebrkime arkeologjike n\u00eb Zg\u00ebrdhesh. Candavia 9, 2022, 189-195. &nbsp;<\/p>\n\n\n\n<p class=\"has-small-font-size\">J. Ritter, Die Mauertechniken der Befestigung in Zg\u00ebrdhesh\/Albanopolis. Unpubl. Bachelor-Thesis (Frankfurt am Main 2018).<\/p>\n\n\n\n<p><\/p>\n\n\n\n<p class=\"has-small-font-size\"><strong>Weitere Literatur:<\/strong><\/p>\n\n\n\n<p class=\"has-small-font-size\">A. Ba\u03c2e, V\u00ebshtrim\nmbi arkitektur\u00ebn e fortifikimeve antike n\u00eb\nvendin ton\u00eb. Monumentet 17, 1979, 5-45.<\/p>\n\n\n\n<p class=\"has-small-font-size\">L. Bejko et al., Projekt restaurimi n\u00eb\nqytetin Albanopoli pran\u00eb fshatit Zg\u00ebrdhesh\n(Tiran\u00eb 2007).<\/p>\n\n\n\n<p class=\"has-small-font-size\">A. Bunguri\/R. Gau\u00df\/C. Rummel, Geomagnetic prospections\nby the Institute of Albanology, Tirana, and the Roman Germanic Commission of\nthe German Archaeological Institute, Frankfurt am Main. 2011 Campaign. Unpubl.\nManuskript.<\/p>\n\n\n\n<p class=\"has-small-font-size\">P. Cabanes (Hrsg.), Carte Arch\u00e9ologique de l\u2019Albanie\n(Tirana 2008) 278-280.<\/p>\n\n\n\n<p class=\"has-small-font-size\">P. Cabanes\/F. Drini, Inscriptions d\u2019Albanie (en dehors\ndes sites d\u2019\u00c9pidamne-Dyrrhachion, Apollonia et Bouthrotos. CIGIME 3 (Paris\n2016) 303 (s.v. Albanopolis).<\/p>\n\n\n\n<p class=\"has-small-font-size\">N. Ceka, Archaeological Treasures from Albania. Vol. I\n(Tirana 2012) 79-93.<\/p>\n\n\n\n<p class=\"has-small-font-size\">N. Ceka, The Illyrians to the Albanians (Tirana 2013)\n170-171.<\/p>\n\n\n\n<p class=\"has-small-font-size\">J.G. von\nHahn, Albanesische Studien (Jena 1854) 120-121.<\/p>\n\n\n\n<p class=\"has-small-font-size\">J.G. von\nHahn, Reise durch die Gebiete des Drin und Wardar (Wien 1865) 13-14.<\/p>\n\n\n\n<p class=\"has-small-font-size\">A. Hoti, Zg\u00ebrdhesh and Kruja \u2013 two cities Illyrian \u2013 Arb\u00ebr continuity. In: S. Santoro (Hrsg.), Skills and tools to the cultural heritage and cultural tourism management, Vol. II (Teramo 2015) 219-226.<\/p>\n\n\n\n<p class=\"has-small-font-size\">S. Islami, Qyteti ilir n\u00eb Zg\u00ebrdhesh. Monumentet 1, 1971, 23-41.<\/p>\n\n\n\n<p class=\"has-small-font-size\">S. Islami, La ville illyrienne \u00e0 Zg\u00ebrdhesh\nde Kruje. Iliria 2, 1972, 217-237.<\/p>\n\n\n\n<p class=\"has-small-font-size\">S. Islami, Zg\u00ebrdhesh (Kruj\u00eb). Iliria 3, 1975, 425-432.<\/p>\n\n\n\n<p class=\"has-small-font-size\">S. Islami, N\u00eb gjurm\u00ebt\ne Albanopolit t\u00eb vjet\u00ebr. Mon. Kult. Shqip. 1975, 1, 11-14.<\/p>\n\n\n\n<p class=\"has-small-font-size\">G. Karaiskaj, Nj\u00eb varrez\u00eb e shek. 3-4 n\u00eb qytetin ilir\nt\u00eb Zg\u00ebrdheshit \/ La necropole des 3. et 4. si\u00e8cles dans la ville illyrienne de\nZg\u00ebrdhesh. Iliria 7, 1977\/78, 201-211.<\/p>\n\n\n\n<p class=\"has-small-font-size\">G. Koch,\nFr\u00fchchristliche und fr\u00fchbyzantinische Zeit (4.-8. Jh.). In: A. Eggebrecht\n(Hrsg.), Albanien \u2013 Sch\u00e4tze aus dem Land der Skipetaren (Mainz 1988) 118-137\nbes. 122 Abb. 79.<\/p>\n\n\n\n<p class=\"has-small-font-size\">G. Koch,\nAlbanien. Kunst und Kultur im Land der Skipetaren. DuMont Kunst-Reisef\u00fchrer\n(K\u00f6ln 1989) 134-136.<\/p>\n\n\n\n<p class=\"has-small-font-size\">M. Korkuti (Hrsg.), Shqip\u00ebria arkeologjike (Tiran\u00eb 1971) 39.<\/p>\n\n\n\n<p class=\"has-small-font-size\">H. Myrto, Albania archeologica. Bibliografia\nsistematica dei centri antichi I (A-D) (Bari 1998) 3-4 s.v. Albanopolis.<\/p>\n\n\n\n<p class=\"has-small-font-size\">L. Papajani, Punimet restauruese n\u00eb qytetin ilir n\u00eb Zg\u00ebrdhesh \/ Les travaux de restauration effectu\u00e9s dans la\nville illyrienne \u00e0 Zgerdhesh. Monumentet 14, 1977, 5-18.<\/p>\n\n\n\n<p class=\"has-small-font-size\">H. Pflug,\nIllyrische Helme. In: Antike Helme. Sammlung Lipperheide und andere Best\u00e4nde\ndes Antikenmuseums Berlin. RGZM-Monogr. 14 (Mainz 1988) 42-64.<\/p>\n\n\n\n<p class=\"has-small-font-size\">C. Praschniker\/A. Schober, Arch\u00e4ologische Forschungen in Albanien und Montenegro.<br>Schr. Balkankomm., Antiquar. Abt. H. 8 (Wien 1919) 28-30 mit Abb. 40-41.<\/p>\n\n\n\n<p class=\"has-small-font-size\">A.\nSokolicek, Diateichismata. Zu dem Ph\u00e4nomen innerer Befestigungsmauern im\ngriechischen St\u00e4dtebau. Erg\u00e4nzungshefte Jahresh. \u00d6sterr.&nbsp; Arch. Inst. 11 (Wien 2009) 135-137 und Tf.\n61.<\/p>\n\n\n\n<p class=\"has-small-font-size\">S. Veseli,\nSome military funerary contexts from Zg\u00ebrdhesh. In: L. P\u00ebrzhita et al. (Hrsg.), Proceedings of the International\nConference New Archaeological discoveries in the Albanian regions, 30-31\nJanuary, Tirana 2017. Vol. II (Tirana 2017) 531-544.<\/p>\n\n\n\n<p class=\"has-small-font-size\">J. Wilkes,\nThe Illyrians (Oxford 1992) 130.133 f.<\/p>\n\n\n\n<p class=\"has-small-font-size\">P. Wodtke, Albanien. Arch\u00e4ologische Landschaften (Darmstadt 2019) 28-35 mit Abb. 15-21. <\/p>\n\n\n\n<p class=\"has-small-font-size\">Chr. Zindel, Zg\u00ebrdhesh. In: Chr. Zindel\/A. Lippert\/B. Lahi\/M. Kiel, Albanien. Ein Arch\u00e4ologie- und Kunstf\u00fchrer von der Steinzeit bis ins 19. Jahrhundert (Wien\/K\u00f6ln\/Weimar 2018) 485-488. <\/p>\n","protected":false},"excerpt":{"rendered":"<p>Bibliographie zur Arch\u00e4ologie von Zg\u00ebrdhesh Beitr\u00e4ge aus dem laufenden Projekt: Th. Maurer\/E. Metalla, Neue arch\u00e4ologische Forschungen in Zg\u00ebrdhesh und das Problem der Lokalisierung von Albanopolis. In: B. Demiraj (Hrsg.), The Albanian Language Area and its Surroundings from Late Antiquity to the High Middle Ages. Proceedings of the 7th German-Albanian Cultural Studies Conference (21.-22. April 2023, &hellip; <\/p>\n<p class=\"link-more\"><a href=\"https:\/\/archiz.info\/?page_id=27\" class=\"more-link\"><span class=\"screen-reader-text\">\u201eLiteratur\u201c <\/span>weiterlesen<\/a><\/p>\n","protected":false},"author":1,"featured_media":0,"parent":0,"menu_order":0,"comment_status":"closed","ping_status":"closed","template":"","meta":{"footnotes":""},"class_list":["post-27","page","type-page","status-publish","hentry"],"_links":{"self":[{"href":"https:\/\/archiz.info\/index.php?rest_route=\/wp\/v2\/pages\/27","targetHints":{"allow":["GET"]}}],"collection":[{"href":"https:\/\/archiz.info\/index.php?rest_route=\/wp\/v2\/pages"}],"about":[{"href":"https:\/\/archiz.info\/index.php?rest_route=\/wp\/v2\/types\/page"}],"author":[{"embeddable":true,"href":"https:\/\/archiz.info\/index.php?rest_route=\/wp\/v2\/users\/1"}],"replies":[{"embeddable":true,"href":"https:\/\/archiz.info\/index.php?rest_route=%2Fwp%2Fv2%2Fcomments&post=27"}],"version-history":[{"count":6,"href":"https:\/\/archiz.info\/index.php?rest_route=\/wp\/v2\/pages\/27\/revisions"}],"predecessor-version":[{"id":299,"href":"https:\/\/archiz.info\/index.php?rest_route=\/wp\/v2\/pages\/27\/revisions\/299"}],"wp:attachment":[{"href":"https:\/\/archiz.info\/index.php?rest_route=%2Fwp%2Fv2%2Fmedia&parent=27"}],"curies":[{"name":"wp","href":"https:\/\/api.w.org\/{rel}","templated":true}]}}