{"id":201,"date":"2020-01-04T10:40:10","date_gmt":"2020-01-04T09:40:10","guid":{"rendered":"http:\/\/archiz.info\/?page_id=201"},"modified":"2020-01-05T20:59:29","modified_gmt":"2020-01-05T19:59:29","slug":"ausarbeitungen-aus-dem-fels-bettungen","status":"publish","type":"page","link":"https:\/\/archiz.info\/?page_id=201","title":{"rendered":"Ausarbeitungen aus dem Fels \/ P\u00ebrpunime n\u00eb shtratin shk\u00ebmbor"},"content":{"rendered":"\n<p>ein Charakteristikum des Stadtberges von Zgerdhesh (gezeigt wird eine Auswahl)<\/p>\n\n\n\n<figure class=\"wp-block-image size-large\"><img loading=\"lazy\" decoding=\"async\" width=\"408\" height=\"612\" src=\"http:\/\/archiz.info\/wp-content\/uploads\/2020\/01\/IMG_0526-rotated.jpg\" alt=\"\" class=\"wp-image-204\" srcset=\"https:\/\/archiz.info\/wp-content\/uploads\/2020\/01\/IMG_0526-rotated.jpg 408w, https:\/\/archiz.info\/wp-content\/uploads\/2020\/01\/IMG_0526-200x300.jpg 200w\" sizes=\"auto, (max-width: 408px) 100vw, 408px\" \/><\/figure>\n\n\n\n<figure class=\"wp-block-image size-large\"><img loading=\"lazy\" decoding=\"async\" width=\"408\" height=\"612\" src=\"http:\/\/archiz.info\/wp-content\/uploads\/2020\/01\/IMG_0599-rotated.jpg\" alt=\"\" class=\"wp-image-205\" srcset=\"https:\/\/archiz.info\/wp-content\/uploads\/2020\/01\/IMG_0599-rotated.jpg 408w, https:\/\/archiz.info\/wp-content\/uploads\/2020\/01\/IMG_0599-200x300.jpg 200w\" sizes=\"auto, (max-width: 408px) 100vw, 408px\" \/><\/figure>\n\n\n\n<figure class=\"wp-block-image size-large\"><img loading=\"lazy\" decoding=\"async\" width=\"408\" height=\"612\" src=\"http:\/\/archiz.info\/wp-content\/uploads\/2020\/01\/IMG_1135-rotated.jpg\" alt=\"\" class=\"wp-image-206\" srcset=\"https:\/\/archiz.info\/wp-content\/uploads\/2020\/01\/IMG_1135-rotated.jpg 408w, https:\/\/archiz.info\/wp-content\/uploads\/2020\/01\/IMG_1135-200x300.jpg 200w\" sizes=\"auto, (max-width: 408px) 100vw, 408px\" \/><\/figure>\n\n\n\n<figure class=\"wp-block-image size-large\"><img loading=\"lazy\" decoding=\"async\" width=\"612\" height=\"408\" src=\"http:\/\/archiz.info\/wp-content\/uploads\/2020\/01\/IMG_1179.jpg\" alt=\"\" class=\"wp-image-207\" srcset=\"https:\/\/archiz.info\/wp-content\/uploads\/2020\/01\/IMG_1179.jpg 612w, https:\/\/archiz.info\/wp-content\/uploads\/2020\/01\/IMG_1179-300x200.jpg 300w\" sizes=\"auto, (max-width: 612px) 100vw, 612px\" \/><\/figure>\n\n\n\n<figure class=\"wp-block-image size-large\"><img loading=\"lazy\" decoding=\"async\" width=\"612\" height=\"408\" src=\"http:\/\/archiz.info\/wp-content\/uploads\/2020\/01\/IMG_1234.jpg\" alt=\"\" class=\"wp-image-208\" srcset=\"https:\/\/archiz.info\/wp-content\/uploads\/2020\/01\/IMG_1234.jpg 612w, https:\/\/archiz.info\/wp-content\/uploads\/2020\/01\/IMG_1234-300x200.jpg 300w\" sizes=\"auto, (max-width: 612px) 100vw, 612px\" \/><\/figure>\n\n\n\n<figure class=\"wp-block-image size-large\"><img loading=\"lazy\" decoding=\"async\" width=\"408\" height=\"612\" src=\"http:\/\/archiz.info\/wp-content\/uploads\/2020\/01\/IMG_1515-rotated.jpg\" alt=\"\" class=\"wp-image-209\" srcset=\"https:\/\/archiz.info\/wp-content\/uploads\/2020\/01\/IMG_1515-rotated.jpg 408w, https:\/\/archiz.info\/wp-content\/uploads\/2020\/01\/IMG_1515-200x300.jpg 200w\" sizes=\"auto, (max-width: 408px) 100vw, 408px\" \/><\/figure>\n\n\n\n<figure class=\"wp-block-image size-large\"><img loading=\"lazy\" decoding=\"async\" width=\"408\" height=\"612\" src=\"http:\/\/archiz.info\/wp-content\/uploads\/2020\/01\/Balkenloch.jpg\" alt=\"\" class=\"wp-image-157\" srcset=\"https:\/\/archiz.info\/wp-content\/uploads\/2020\/01\/Balkenloch.jpg 408w, https:\/\/archiz.info\/wp-content\/uploads\/2020\/01\/Balkenloch-200x300.jpg 200w\" sizes=\"auto, (max-width: 408px) 100vw, 408px\" \/><figcaption>Balkenloch am S\u00fcdhang der Akropolis. Foto: Th. Maurer.<\/figcaption><\/figure>\n","protected":false},"excerpt":{"rendered":"<p>ein Charakteristikum des Stadtberges von Zgerdhesh (gezeigt wird eine Auswahl)<\/p>\n","protected":false},"author":1,"featured_media":0,"parent":0,"menu_order":0,"comment_status":"closed","ping_status":"closed","template":"","meta":{"footnotes":""},"class_list":["post-201","page","type-page","status-publish","hentry"],"_links":{"self":[{"href":"https:\/\/archiz.info\/index.php?rest_route=\/wp\/v2\/pages\/201","targetHints":{"allow":["GET"]}}],"collection":[{"href":"https:\/\/archiz.info\/index.php?rest_route=\/wp\/v2\/pages"}],"about":[{"href":"https:\/\/archiz.info\/index.php?rest_route=\/wp\/v2\/types\/page"}],"author":[{"embeddable":true,"href":"https:\/\/archiz.info\/index.php?rest_route=\/wp\/v2\/users\/1"}],"replies":[{"embeddable":true,"href":"https:\/\/archiz.info\/index.php?rest_route=%2Fwp%2Fv2%2Fcomments&post=201"}],"version-history":[{"count":3,"href":"https:\/\/archiz.info\/index.php?rest_route=\/wp\/v2\/pages\/201\/revisions"}],"predecessor-version":[{"id":244,"href":"https:\/\/archiz.info\/index.php?rest_route=\/wp\/v2\/pages\/201\/revisions\/244"}],"wp:attachment":[{"href":"https:\/\/archiz.info\/index.php?rest_route=%2Fwp%2Fv2%2Fmedia&parent=201"}],"curies":[{"name":"wp","href":"https:\/\/api.w.org\/{rel}","templated":true}]}}