{"id":16,"date":"2020-01-02T18:14:50","date_gmt":"2020-01-02T17:14:50","guid":{"rendered":"http:\/\/archiz.info\/?page_id=16"},"modified":"2020-02-11T17:11:45","modified_gmt":"2020-02-11T16:11:45","slug":"archiz","status":"publish","type":"page","link":"https:\/\/archiz.info\/","title":{"rendered":"ArchiZ"},"content":{"rendered":"\n<figure class=\"wp-block-image size-large\"><img loading=\"lazy\" decoding=\"async\" width=\"1024\" height=\"345\" src=\"http:\/\/archiz.info\/wp-content\/uploads\/2019\/12\/Logo-ZGD-e1578004938225-1024x345.jpg\" alt=\"\" class=\"wp-image-19\" srcset=\"https:\/\/archiz.info\/wp-content\/uploads\/2019\/12\/Logo-ZGD-e1578004938225-1024x345.jpg 1024w, https:\/\/archiz.info\/wp-content\/uploads\/2019\/12\/Logo-ZGD-e1578004938225-300x101.jpg 300w, https:\/\/archiz.info\/wp-content\/uploads\/2019\/12\/Logo-ZGD-e1578004938225-768x259.jpg 768w, https:\/\/archiz.info\/wp-content\/uploads\/2019\/12\/Logo-ZGD-e1578004938225.jpg 1392w\" sizes=\"auto, (max-width: 706px) 89vw, (max-width: 767px) 82vw, 740px\" \/><\/figure>\n\n\n\n<div class=\"wp-block-image\"><figure class=\"aligncenter size-large is-resized\"><img loading=\"lazy\" decoding=\"async\" src=\"http:\/\/archiz.info\/wp-content\/uploads\/2020\/01\/Logo-GU.tif\" alt=\"\" class=\"wp-image-92\" width=\"309\" height=\"168\"\/><\/figure><\/div>\n\n\n\n<p class=\"has-text-align-left has-medium-font-size\">ArchiZ \u2013 <strong>Arch<\/strong>\u00e4ologie <strong>i<\/strong>n <strong>Z<\/strong>g\u00ebrdhesh<\/p>\n\n\n\n<p class=\"has-small-font-size\">Ein deutsch-albanisches Forschungsprojekt zu der antiken Stadtanlage bei Zg\u00ebrdhesh (Bashkia Kruj\u00eb, Albanien) und ihrem Umland. Laufzeit: seit 2017.<\/p>\n\n\n\n<p class=\"has-small-font-size\">Projektpartner: <em>Goethe-Universit\u00e4t Frankfurt am Main,\nInstitut f\u00fcr Arch\u00e4ologische Wissenschaften (Abt. II)<\/em> und <em>Akademia e\nstudimeve Albanologjike, Instituti i Arkeologjis<\/em><em>\u00eb<\/em>, Tiran\u00eb,\nAlbanien<\/p>\n\n\n\n<p class=\"has-small-font-size\">Leitung: Dr. Thomas Maurer (Deutschland), Dr. Elvana Metalla\n(Albanien)<\/p>\n\n\n\n<p class=\"has-small-font-size\">Gef\u00f6rdert durch: Fritz Thyssen-Stiftung, Vereinigung von Freunden und F\u00f6rderern der J.W. Goethe-Universit\u00e4t<\/p>\n","protected":false},"excerpt":{"rendered":"<p>ArchiZ \u2013 Arch\u00e4ologie in Zg\u00ebrdhesh Ein deutsch-albanisches Forschungsprojekt zu der antiken Stadtanlage bei Zg\u00ebrdhesh (Bashkia Kruj\u00eb, Albanien) und ihrem Umland. Laufzeit: seit 2017. Projektpartner: Goethe-Universit\u00e4t Frankfurt am Main, Institut f\u00fcr Arch\u00e4ologische Wissenschaften (Abt. II) und Akademia e studimeve Albanologjike, Instituti i Arkeologjis\u00eb, Tiran\u00eb, Albanien Leitung: Dr. Thomas Maurer (Deutschland), Dr. Elvana Metalla (Albanien) Gef\u00f6rdert durch: &hellip; <\/p>\n<p class=\"link-more\"><a href=\"https:\/\/archiz.info\/\" class=\"more-link\"><span class=\"screen-reader-text\">\u201eArchiZ\u201c <\/span>weiterlesen<\/a><\/p>\n","protected":false},"author":1,"featured_media":0,"parent":0,"menu_order":0,"comment_status":"closed","ping_status":"closed","template":"","meta":{"footnotes":""},"class_list":["post-16","page","type-page","status-publish","hentry"],"_links":{"self":[{"href":"https:\/\/archiz.info\/index.php?rest_route=\/wp\/v2\/pages\/16","targetHints":{"allow":["GET"]}}],"collection":[{"href":"https:\/\/archiz.info\/index.php?rest_route=\/wp\/v2\/pages"}],"about":[{"href":"https:\/\/archiz.info\/index.php?rest_route=\/wp\/v2\/types\/page"}],"author":[{"embeddable":true,"href":"https:\/\/archiz.info\/index.php?rest_route=\/wp\/v2\/users\/1"}],"replies":[{"embeddable":true,"href":"https:\/\/archiz.info\/index.php?rest_route=%2Fwp%2Fv2%2Fcomments&post=16"}],"version-history":[{"count":11,"href":"https:\/\/archiz.info\/index.php?rest_route=\/wp\/v2\/pages\/16\/revisions"}],"predecessor-version":[{"id":271,"href":"https:\/\/archiz.info\/index.php?rest_route=\/wp\/v2\/pages\/16\/revisions\/271"}],"wp:attachment":[{"href":"https:\/\/archiz.info\/index.php?rest_route=%2Fwp%2Fv2%2Fmedia&parent=16"}],"curies":[{"name":"wp","href":"https:\/\/api.w.org\/{rel}","templated":true}]}}